{"id":2353,"date":"2025-10-23T00:14:42","date_gmt":"2025-10-23T03:14:42","guid":{"rendered":"https:\/\/nextdrillrigs.cl\/contenido\/?page_id=2353"},"modified":"2025-10-29T17:51:47","modified_gmt":"2025-10-29T20:51:47","slug":"quienes-somos","status":"publish","type":"page","link":"https:\/\/nextdrillrigs.cl\/contenido\/quienes-somos\/","title":{"rendered":"Qui\u00e9nes somos"},"content":{"rendered":"<div>\n<p>    <img decoding=\"async\" src=\"\/contenido\/wp-content\/uploads\/2025\/10\/next-drill-rigs-slider-personas.png\" alt=\"\"><\/p>\n<h2>Qui\u00e9nes somos<\/h2>\n<p>NEXT DRILL RIGS<\/p>\n<\/div>\n<p><img decoding=\"async\" src=\"\/contenido\/wp-content\/uploads\/2025\/10\/next-drill-rigs-rect-negro-amarillo.png\" alt=\"\"><\/p>\n<h2>Nuestra historia<\/h2>\n<div>\n<style>\n.sub {\nfont-family:\"Play\", Sans-serif;\nfont-size: 22px;\nfont-weight: 400;\nline-height: 1.1;\nletter-spacing: 0px;\nword-spacing: 0em;\ncolor:#000;\n}\n<\/style>\n<p><span class=\"sub\">En Next Drill Rigs, trabajamos continuamente para desarrollar tecnolog\u00edas avanzadas que se adapten a las necesidades del mercado y superen las expectativas de nuestros clientes.<\/span><\/div>\n<ul>\n<li>\n<p>        <img decoding=\"async\" src=\"\/contenido\/wp-content\/uploads\/2025\/10\/DSC02649.jpg.webp\" alt=\"\"><\/p>\n<\/li>\n<li>\n<p>        <img decoding=\"async\" src=\"\/contenido\/wp-content\/uploads\/2025\/10\/DSC02649.jpg.webp\" alt=\"\"><\/p>\n<\/li>\n<li>\n<p>        <img decoding=\"async\" src=\"\/contenido\/wp-content\/uploads\/2025\/10\/DSC02649.jpg.webp\" alt=\"\"><\/p>\n<\/li>\n<\/ul>\n<div>\n<div>\n<style>\n.texto {\nfont-family:\"Montserrat\", Sans-serif;\nfont-size: 16px;\nfont-weight: 500;\nline-height: 0.8;\nletter-spacing: 0px;\nword-spacing: 0em;\ncolor:#000;\n}\n<\/style>\n<p><span class=\"texto\"><\/p>\n<p> Next Drill Rigs fue fundada en 2022 por un equipo de entendidos, quienes aportan m\u00e1s de 50 a\u00f1os de experiencia en el sector de equipos de exploraci\u00f3n. Desde su inicio, la empresa se ha posicionado como l\u00edder en el dise\u00f1o y fabricaci\u00f3n de manipuladores y alimentadores de barra autom\u00e1ticos. <\/p>\n<p>Nuestro compromiso con la innovaci\u00f3n nos permite ofrecer soluciones que optimizan la experiencia de nuestros clientes y mejoran sus resultados en proyectos de perforaci\u00f3n y exploraci\u00f3n.<br \/>\n<\/span><\/div>\n<\/div>\n<h2>Estos cuatro principios gu\u00edan cada uno de nuestros proyectos<\/h2>\n<div>\n<div style=\"height:40px\"><\/div>\n<\/div>\n<ul>\n<li>\n<p>        <img decoding=\"async\" src=\"\/contenido\/wp-content\/uploads\/2025\/10\/nextdrillrigs-numero-1.svg\" alt=\"\"><\/p>\n<h3>Simplicidad<\/h3>\n<\/li>\n<li>\n<p>        <img decoding=\"async\" src=\"\/contenido\/wp-content\/uploads\/2025\/10\/nextdrillrigs-numero-2.svg\" alt=\"\"><\/p>\n<h3>Seguridad<\/h3>\n<\/li>\n<li>\n<p>        <img decoding=\"async\" src=\"\/contenido\/wp-content\/uploads\/2025\/10\/nextdrillrigs-numero-3.svg\" alt=\"\"><\/p>\n<h3>Productividad<\/h3>\n<\/li>\n<li>\n<p>        <img decoding=\"async\" src=\"\/contenido\/wp-content\/uploads\/2025\/10\/nextdrillrigs-numero-4.svg\" alt=\"\"><\/p>\n<h3>Eficiencia<\/h3>\n<\/li>\n<\/ul>\n<p><!--more--><br \/>\n<!-- {\"type\":\"layout\",\"children\":[{\"type\":\"section\",\"props\":{\"animation\":\"slide-left-small\",\"header_transparent\":false,\"header_transparent_noplaceholder\":true,\"height\":\"page\",\"image_position\":\"center-center\",\"padding_remove_bottom\":true,\"padding_remove_top\":true,\"sticky\":\"cover\",\"style\":\"default\",\"title_breakpoint\":\"xl\",\"title_position\":\"top-left\",\"title_rotation\":\"left\",\"vertical_align\":\"middle\",\"width\":\"\"},\"children\":[{\"type\":\"row\",\"children\":[{\"type\":\"column\",\"props\":{\"image_position\":\"center-center\",\"position_sticky_breakpoint\":\"m\"},\"children\":[{\"type\":\"slideshow\",\"props\":{\"image_loading\":true,\"image_width\":2560,\"link_style\":\"default\",\"link_text\":\"Read more\",\"margin\":\"default\",\"meta_align\":\"above-title\",\"meta_element\":\"div\",\"meta_style\":\"text-meta\",\"nav\":\"dotnav\",\"nav_align\":\"center\",\"nav_breakpoint\":\"s\",\"nav_position\":\"bottom-center\",\"nav_position_margin\":\"medium\",\"overlay_animation\":\"parallax\",\"overlay_container\":\"default\",\"overlay_position\":\"center-left\",\"overlay_width\":\"2xlarge\",\"show_content\":true,\"show_link\":true,\"show_meta\":true,\"show_thumbnail\":true,\"show_title\":true,\"slidenav\":\"default\",\"slidenav_breakpoint\":\"m\",\"slidenav_large\":true,\"slidenav_margin\":\"large\",\"slidenav_outside_breakpoint\":\"xl\",\"slideshow_autoplay\":true,\"slideshow_autoplay_interval\":\"15\",\"slideshow_autoplay_pause\":false,\"slideshow_min_height\":\"300\",\"slideshow_ratio\":\"2560:600\",\"text_color\":\"light\",\"thumbnav_height\":\"75\",\"thumbnav_svg_color\":\"emphasis\",\"thumbnav_width\":\"100\",\"title_element\":\"h2\",\"title_hover_style\":\"reset\",\"title_style\":\"h1\"},\"children\":[{\"type\":\"slideshow_item\",\"props\":{\"image\":\"wp-content\\\/uploads\\\/2025\\\/10\\\/next-drill-rigs-slider-personas.png\",\"meta\":\"NEXT DRILL RIGS\",\"title\":\"Qui\\u00e9nes somos\"}}]}]}]},{\"type\":\"row\",\"props\":{\"alignment\":\"center\",\"height\":\"pixels\",\"height_viewport\":12,\"margin\":\"remove-vertical\",\"margin_remove_bottom\":true,\"margin_remove_top\":true},\"children\":[{\"type\":\"column\",\"props\":{\"image_position\":\"center-center\",\"position_sticky_breakpoint\":\"m\"},\"children\":[{\"type\":\"image\",\"props\":{\"height_expand\":true,\"image\":\"wp-content\\\/uploads\\\/2025\\\/10\\\/next-drill-rigs-rect-negro-amarillo.png\",\"image_svg_color\":\"emphasis\",\"margin\":\"default\",\"margin_remove_bottom\":true,\"margin_remove_top\":true}}]}]}]},{\"name\":\"Product description\",\"type\":\"section\",\"props\":{\"animation\":\"slide-bottom-small\",\"height\":\"section\",\"height_offset_top\":true,\"image_position\":\"center-center\",\"image_size\":\"cover\",\"style\":\"default\",\"title_breakpoint\":\"xl\",\"title_position\":\"top-left\",\"title_rotation\":\"left\",\"vertical_align\":\"middle\",\"width\":\"default\"},\"children\":[{\"type\":\"row\",\"props\":{\"column_gap\":\"large\",\"divider\":true,\"layout\":\"2-5,3-5\",\"row_gap\":\"large\"},\"children\":[{\"type\":\"column\",\"props\":{\"image_position\":\"center-center\",\"position_sticky_breakpoint\":\"m\",\"width_medium\":\"2-5\"},\"children\":[{\"type\":\"headline\",\"props\":{\"content\":\"Nuestra historia\",\"title_element\":\"h2\",\"title_style\":\"h1\"}},{\"type\":\"divider\",\"props\":{\"divider_element\":\"div\",\"divider_style\":\"small\"}},{\"type\":\"text\",\"props\":{\"column_breakpoint\":\"m\",\"content\":\"\n\n<style>\\n.sub {\\nfont-family:\\\"Play\\\", Sans-serif;\\nfont-size: 22px;\\nfont-weight: 400;\\nline-height: 1.1;\\nletter-spacing: 0px;\\nword-spacing: 0em;\\ncolor:#000;\\n}\\n<\\\/style> \\n\\n<span class=\\\"sub\\\">En Next Drill Rigs, trabajamos continuamente para desarrollar tecnolog\\u00edas avanzadas que se adapten a las necesidades del mercado y superen las expectativas de nuestros clientes.<\\\/span>\",\"margin\":\"medium\"}},{\"type\":\"panel-slider\",\"props\":{\"content_column_breakpoint\":\"m\",\"icon_width\":80,\"image_align\":\"top\",\"image_border\":\"rounded\",\"image_grid_breakpoint\":\"m\",\"image_grid_width\":\"1-2\",\"image_svg_color\":\"emphasis\",\"link_style\":\"default\",\"link_text\":\"Read more\",\"margin\":\"default\",\"meta_align\":\"below-title\",\"meta_element\":\"div\",\"meta_style\":\"text-meta\",\"nav\":\"dotnav\",\"nav_align\":\"center\",\"nav_breakpoint\":\"s\",\"nav_margin\":\"small\",\"panel_match\":true,\"show_content\":true,\"show_hover_image\":true,\"show_hover_video\":true,\"show_image\":true,\"show_link\":true,\"show_meta\":true,\"show_title\":true,\"show_video\":true,\"slidenav\":\"outside\",\"slidenav_breakpoint\":\"xl\",\"slidenav_margin\":\"medium\",\"slidenav_outside_breakpoint\":\"xl\",\"slider_autoplay\":true,\"slider_autoplay_pause\":true,\"slider_center\":true,\"slider_gap\":\"default\",\"slider_sets\":true,\"slider_width\":\"fixed\",\"slider_width_default\":\"1-1\",\"slider_width_medium\":\"1-1\",\"slider_width_small\":\"1-1\",\"title_align\":\"top\",\"title_element\":\"h3\",\"title_grid_breakpoint\":\"m\",\"title_grid_width\":\"1-2\",\"title_hover_style\":\"reset\"},\"children\":[{\"type\":\"panel-slider_item\",\"props\":{\"image\":\"wp-content\\\/uploads\\\/2025\\\/10\\\/DSC02649.jpg.webp\"}},{\"type\":\"panel-slider_item\",\"props\":{\"image\":\"wp-content\\\/uploads\\\/2025\\\/10\\\/DSC02649.jpg.webp\"}},{\"type\":\"panel-slider_item\",\"props\":{\"image\":\"wp-content\\\/uploads\\\/2025\\\/10\\\/DSC02649.jpg.webp\"}}]}]},{\"type\":\"column\",\"props\":{\"image_position\":\"center-center\",\"position_sticky_breakpoint\":\"m\",\"width_medium\":\"3-5\"},\"children\":[{\"type\":\"panel\",\"props\":{\"content\":\"\n\n<style>\\n.texto {\\nfont-family:\\\"Montserrat\\\", Sans-serif;\\nfont-size: 16px;\\nfont-weight: 500;\\nline-height: 0.8;\\nletter-spacing: 0px;\\nword-spacing: 0em;\\ncolor:#000;\\n}\\n<\\\/style> \\n\\n<span class=\\\"texto\\\">\\n    \\n Next Drill Rigs fue fundada en 2022 por un equipo de entendidos, quienes aportan m\\u00e1s de 50 a\\u00f1os de experiencia en el sector de equipos de exploraci\\u00f3n. Desde su inicio, la empresa se ha posicionado como l\\u00edder en el dise\\u00f1o y fabricaci\\u00f3n de manipuladores y alimentadores de barra autom\\u00e1ticos. \n\n\\nNuestro compromiso con la innovaci\\u00f3n nos permite ofrecer soluciones que optimizan la experiencia de nuestros clientes y mejoran sus resultados en proyectos de perforaci\\u00f3n y exploraci\\u00f3n.\\n<\\\/span>\",\"content_column_breakpoint\":\"m\",\"icon_width\":80,\"image_align\":\"top\",\"image_grid_breakpoint\":\"m\",\"image_grid_width\":\"1-2\",\"image_svg_color\":\"emphasis\",\"link_style\":\"default\",\"link_text\":\"Read more\",\"margin\":\"default\",\"meta\":\"\",\"meta_align\":\"below-content\",\"meta_element\":\"div\",\"meta_style\":\"text-meta\",\"title_align\":\"top\",\"title_element\":\"h3\",\"title_grid_breakpoint\":\"m\",\"title_grid_width\":\"1-2\",\"title_hover_style\":\"reset\"}}]}]}]},{\"name\":\"Getting started\",\"type\":\"section\",\"props\":{\"animation\":\"fade\",\"image\":\"wp-content\\\/uploads\\\/2025\\\/10\\\/next-drill-rigs-maquina.png\",\"image_position\":\"center-center\",\"image_size\":\"cover\",\"media_background\":\"rgba(64, 64, 64, 0.08)\",\"media_overlay\":\"rgba(242, 242, 242, 0.02)\",\"padding\":\"large\",\"padding_remove_horizontal\":true,\"style\":\"muted\",\"title_breakpoint\":\"xl\",\"title_position\":\"top-left\",\"title_rotation\":\"left\",\"vertical_align\":\"\",\"width\":\"small\"},\"children\":[{\"type\":\"row\",\"children\":[{\"type\":\"column\",\"props\":{\"image_position\":\"center-center\",\"position_sticky_breakpoint\":\"m\",\"width_medium\":\"1-1\"},\"children\":[{\"type\":\"headline\",\"props\":{\"block_align\":\"center\",\"content\":\"Estos cuatro principios gu\\u00edan cada uno de nuestros proyectos\",\"text_align\":\"center\",\"title_element\":\"h2\",\"title_style\":\"h1\"}},{\"type\":\"html\",\"props\":{\"content\":\"\n\n<div style=\\\"height:40px\\\"><\\\/div>\"}},{\"type\":\"grid\",\"props\":{\"content_column_breakpoint\":\"m\",\"filter_align\":\"left\",\"filter_all\":true,\"filter_grid_breakpoint\":\"m\",\"filter_grid_width\":\"auto\",\"filter_position\":\"top\",\"filter_style\":\"tab\",\"grid_default\":\"2\",\"grid_large\":\"4\",\"grid_medium\":\"2\",\"grid_small\":\"2\",\"grid_xlarge\":\"4\",\"icon_width\":\"40\",\"image_align\":\"top\",\"image_grid_breakpoint\":\"m\",\"image_grid_column_gap\":\"medium\",\"image_grid_width\":\"1-3\",\"image_loading\":true,\"image_svg_color\":\"emphasis\",\"image_vertical_align\":true,\"image_width\":50,\"item_animation\":true,\"lightbox_bg_close\":true,\"link_style\":\"default\",\"link_text\":\"Read more\",\"margin\":\"default\",\"meta_align\":\"below-title\",\"meta_element\":\"div\",\"meta_style\":\"text-meta\",\"show_content\":true,\"show_hover_image\":true,\"show_hover_video\":true,\"show_image\":true,\"show_link\":true,\"show_meta\":true,\"show_title\":true,\"show_video\":true,\"text_align\":\"center\",\"title_align\":\"top\",\"title_element\":\"h3\",\"title_grid_breakpoint\":\"m\",\"title_grid_width\":\"1-3\",\"title_hover_style\":\"reset\"},\"children\":[{\"type\":\"grid_item\",\"props\":{\"image\":\"wp-content\\\/uploads\\\/2025\\\/10\\\/nextdrillrigs-numero-1.svg\",\"title\":\"Simplicidad\"}},{\"type\":\"grid_item\",\"props\":{\"image\":\"wp-content\\\/uploads\\\/2025\\\/10\\\/nextdrillrigs-numero-2.svg\",\"title\":\"Seguridad\"}},{\"type\":\"grid_item\",\"props\":{\"image\":\"wp-content\\\/uploads\\\/2025\\\/10\\\/nextdrillrigs-numero-3.svg\",\"title\":\"Productividad\"}},{\"type\":\"grid_item\",\"props\":{\"image\":\"wp-content\\\/uploads\\\/2025\\\/10\\\/nextdrillrigs-numero-4.svg\",\"title\":\"Eficiencia\"}}]}]}]}]}],\"version\":\"4.5.21\"} --><\/p>\n","protected":false},"excerpt":{"rendered":"<p>Qui\u00e9nes somos NEXT DRILL RIGS Nuestra historia En Next Drill Rigs, trabajamos continuamente para desarrollar tecnolog\u00edas avanzadas que se adapten a las necesidades del mercado y superen las expectativas de nuestros clientes. Next Drill Rigs fue fundada en 2022 por un equipo de entendidos, quienes aportan m\u00e1s de 50 a\u00f1os de experiencia en el sector [&hellip;]<\/p>\n","protected":false},"author":1,"featured_media":0,"parent":0,"menu_order":2,"comment_status":"closed","ping_status":"closed","template":"","meta":{"footnotes":""},"class_list":["post-2353","page","type-page","status-publish","hentry"],"yoast_head":"<!-- This site is optimized with the Yoast SEO plugin v26.2 - https:\/\/yoast.com\/wordpress\/plugins\/seo\/ -->\n<title>Qui\u00e9nes somos - Next Drill Rigs<\/title>\n<meta name=\"robots\" content=\"index, follow, max-snippet:-1, max-image-preview:large, max-video-preview:-1\" \/>\n<link rel=\"canonical\" href=\"https:\/\/nextdrillrigs.cl\/contenido\/quienes-somos\/\" \/>\n<meta property=\"og:locale\" content=\"es_ES\" \/>\n<meta property=\"og:type\" content=\"article\" \/>\n<meta property=\"og:title\" content=\"Qui\u00e9nes somos - Next Drill Rigs\" \/>\n<meta property=\"og:description\" content=\"Qui\u00e9nes somos NEXT DRILL RIGS Nuestra historia En Next Drill Rigs, trabajamos continuamente para desarrollar tecnolog\u00edas avanzadas que se adapten a las necesidades del mercado y superen las expectativas de nuestros clientes. Next Drill Rigs fue fundada en 2022 por un equipo de entendidos, quienes aportan m\u00e1s de 50 a\u00f1os de experiencia en el sector [&hellip;]\" \/>\n<meta property=\"og:url\" content=\"https:\/\/nextdrillrigs.cl\/contenido\/quienes-somos\/\" \/>\n<meta property=\"og:site_name\" content=\"Next Drill Rigs\" \/>\n<meta property=\"article:modified_time\" content=\"2025-10-29T20:51:47+00:00\" \/>\n<meta name=\"twitter:card\" content=\"summary_large_image\" \/>\n<meta name=\"twitter:label1\" content=\"Tiempo de lectura\" \/>\n\t<meta name=\"twitter:data1\" content=\"1 minuto\" \/>\n<script type=\"application\/ld+json\" class=\"yoast-schema-graph\">{\"@context\":\"https:\/\/schema.org\",\"@graph\":[{\"@type\":\"WebPage\",\"@id\":\"https:\/\/nextdrillrigs.cl\/contenido\/quienes-somos\/\",\"url\":\"https:\/\/nextdrillrigs.cl\/contenido\/quienes-somos\/\",\"name\":\"Qui\u00e9nes somos - Next Drill Rigs\",\"isPartOf\":{\"@id\":\"https:\/\/nextdrillrigs.cl\/contenido\/#website\"},\"datePublished\":\"2025-10-23T03:14:42+00:00\",\"dateModified\":\"2025-10-29T20:51:47+00:00\",\"breadcrumb\":{\"@id\":\"https:\/\/nextdrillrigs.cl\/contenido\/quienes-somos\/#breadcrumb\"},\"inLanguage\":\"es\",\"potentialAction\":[{\"@type\":\"ReadAction\",\"target\":[\"https:\/\/nextdrillrigs.cl\/contenido\/quienes-somos\/\"]}]},{\"@type\":\"BreadcrumbList\",\"@id\":\"https:\/\/nextdrillrigs.cl\/contenido\/quienes-somos\/#breadcrumb\",\"itemListElement\":[{\"@type\":\"ListItem\",\"position\":1,\"name\":\"Portada\",\"item\":\"https:\/\/nextdrillrigs.cl\/contenido\/\"},{\"@type\":\"ListItem\",\"position\":2,\"name\":\"Qui\u00e9nes somos\"}]},{\"@type\":\"WebSite\",\"@id\":\"https:\/\/nextdrillrigs.cl\/contenido\/#website\",\"url\":\"https:\/\/nextdrillrigs.cl\/contenido\/\",\"name\":\"Next Drill Rigs\",\"description\":\"\",\"potentialAction\":[{\"@type\":\"SearchAction\",\"target\":{\"@type\":\"EntryPoint\",\"urlTemplate\":\"https:\/\/nextdrillrigs.cl\/contenido\/?s={search_term_string}\"},\"query-input\":{\"@type\":\"PropertyValueSpecification\",\"valueRequired\":true,\"valueName\":\"search_term_string\"}}],\"inLanguage\":\"es\"}]}<\/script>\n<!-- \/ Yoast SEO plugin. -->","yoast_head_json":{"title":"Qui\u00e9nes somos - Next Drill Rigs","robots":{"index":"index","follow":"follow","max-snippet":"max-snippet:-1","max-image-preview":"max-image-preview:large","max-video-preview":"max-video-preview:-1"},"canonical":"https:\/\/nextdrillrigs.cl\/contenido\/quienes-somos\/","og_locale":"es_ES","og_type":"article","og_title":"Qui\u00e9nes somos - Next Drill Rigs","og_description":"Qui\u00e9nes somos NEXT DRILL RIGS Nuestra historia En Next Drill Rigs, trabajamos continuamente para desarrollar tecnolog\u00edas avanzadas que se adapten a las necesidades del mercado y superen las expectativas de nuestros clientes. Next Drill Rigs fue fundada en 2022 por un equipo de entendidos, quienes aportan m\u00e1s de 50 a\u00f1os de experiencia en el sector [&hellip;]","og_url":"https:\/\/nextdrillrigs.cl\/contenido\/quienes-somos\/","og_site_name":"Next Drill Rigs","article_modified_time":"2025-10-29T20:51:47+00:00","twitter_card":"summary_large_image","twitter_misc":{"Tiempo de lectura":"1 minuto"},"schema":{"@context":"https:\/\/schema.org","@graph":[{"@type":"WebPage","@id":"https:\/\/nextdrillrigs.cl\/contenido\/quienes-somos\/","url":"https:\/\/nextdrillrigs.cl\/contenido\/quienes-somos\/","name":"Qui\u00e9nes somos - Next Drill Rigs","isPartOf":{"@id":"https:\/\/nextdrillrigs.cl\/contenido\/#website"},"datePublished":"2025-10-23T03:14:42+00:00","dateModified":"2025-10-29T20:51:47+00:00","breadcrumb":{"@id":"https:\/\/nextdrillrigs.cl\/contenido\/quienes-somos\/#breadcrumb"},"inLanguage":"es","potentialAction":[{"@type":"ReadAction","target":["https:\/\/nextdrillrigs.cl\/contenido\/quienes-somos\/"]}]},{"@type":"BreadcrumbList","@id":"https:\/\/nextdrillrigs.cl\/contenido\/quienes-somos\/#breadcrumb","itemListElement":[{"@type":"ListItem","position":1,"name":"Portada","item":"https:\/\/nextdrillrigs.cl\/contenido\/"},{"@type":"ListItem","position":2,"name":"Qui\u00e9nes somos"}]},{"@type":"WebSite","@id":"https:\/\/nextdrillrigs.cl\/contenido\/#website","url":"https:\/\/nextdrillrigs.cl\/contenido\/","name":"Next Drill Rigs","description":"","potentialAction":[{"@type":"SearchAction","target":{"@type":"EntryPoint","urlTemplate":"https:\/\/nextdrillrigs.cl\/contenido\/?s={search_term_string}"},"query-input":{"@type":"PropertyValueSpecification","valueRequired":true,"valueName":"search_term_string"}}],"inLanguage":"es"}]}},"_links":{"self":[{"href":"https:\/\/nextdrillrigs.cl\/contenido\/wp-json\/wp\/v2\/pages\/2353","targetHints":{"allow":["GET"]}}],"collection":[{"href":"https:\/\/nextdrillrigs.cl\/contenido\/wp-json\/wp\/v2\/pages"}],"about":[{"href":"https:\/\/nextdrillrigs.cl\/contenido\/wp-json\/wp\/v2\/types\/page"}],"author":[{"embeddable":true,"href":"https:\/\/nextdrillrigs.cl\/contenido\/wp-json\/wp\/v2\/users\/1"}],"replies":[{"embeddable":true,"href":"https:\/\/nextdrillrigs.cl\/contenido\/wp-json\/wp\/v2\/comments?post=2353"}],"version-history":[{"count":76,"href":"https:\/\/nextdrillrigs.cl\/contenido\/wp-json\/wp\/v2\/pages\/2353\/revisions"}],"predecessor-version":[{"id":2617,"href":"https:\/\/nextdrillrigs.cl\/contenido\/wp-json\/wp\/v2\/pages\/2353\/revisions\/2617"}],"wp:attachment":[{"href":"https:\/\/nextdrillrigs.cl\/contenido\/wp-json\/wp\/v2\/media?parent=2353"}],"curies":[{"name":"wp","href":"https:\/\/api.w.org\/{rel}","templated":true}]}}