{"id":2522,"date":"2025-10-24T17:34:56","date_gmt":"2025-10-24T20:34:56","guid":{"rendered":"https:\/\/nextdrillrigs.cl\/contenido\/?page_id=2522"},"modified":"2025-11-14T00:25:02","modified_gmt":"2025-11-14T03:25:02","slug":"servicios","status":"publish","type":"page","link":"https:\/\/nextdrillrigs.cl\/contenido\/servicios\/","title":{"rendered":"Servicios"},"content":{"rendered":"<div>\n<p>    <img decoding=\"async\" src=\"\/contenido\/wp-content\/uploads\/2025\/11\/next-drill-rigs-slider-maquinaria-3.png\" alt=\"\"><\/p>\n<h2>Servicios<\/h2>\n<p>NEXT DRILL RIGS<\/p>\n<\/div>\n<p><img decoding=\"async\" src=\"\/contenido\/wp-content\/uploads\/2025\/10\/next-drill-rigs-rect-negro-amarillo.png\" alt=\"\"><\/p>\n<h2>Nuestras soluciones<\/h2>\n<div>\n<div style=\"height:40px\"><\/div>\n<\/div>\n<ul>\n<li>\n<p>        <img decoding=\"async\" src=\"\/contenido\/wp-content\/uploads\/2025\/11\/Next-Drill-Drig-Maquina-1.png\" alt=\"\"><\/p>\n<\/li>\n<li>\n<p>        <img decoding=\"async\" src=\"\/contenido\/wp-content\/uploads\/2025\/11\/Next-Drill-Drig-Maquina-2.webp\" alt=\"\"><\/p>\n<\/li>\n<li>\n<p>        <img decoding=\"async\" src=\"\/contenido\/wp-content\/uploads\/2025\/11\/Next-Drill-Drig-Maquina-3.webp\" alt=\"\"><\/p>\n<\/li>\n<li>\n<p>        <img decoding=\"async\" src=\"\/contenido\/wp-content\/uploads\/2025\/11\/Next-Drill-Drig-Maquina-4.webp\" alt=\"\"><\/p>\n<\/li>\n<li>\n<p>        <img decoding=\"async\" src=\"\/contenido\/wp-content\/uploads\/2025\/11\/Next-Drill-Drig-Maquina-5.jpg.webp\" alt=\"\"><\/p>\n<\/li>\n<\/ul>\n<h2>Reparaci\u00f3n y reconstrucci\u00f3n<\/h2>\n<div>\n<div>\n<style>\n.texto {\nfont-family:\"Montserrat\", Sans-serif;\nfont-size: 16px;\nfont-weight: 500;\nline-height: 0.8;\nletter-spacing: 0px;\nword-spacing: 0em;\ncolor:#000;\n}\n<\/style>\n<p><span class=\"texto\"><\/p>\n<p>Realizamos reconstrucciones completas de equipos usados con recertificaci\u00f3n del a\u00f1o para que vuelvan a ser utilizados en las mineras. Tambi\u00e9n contamos con reconstrucci\u00f3n de componentes tales como unidad de rotaci\u00f3n, cabezales, prensa, cilindros entre otros.<br \/>\n<\/span><\/div>\n<\/div>\n<h2>Servicio terreno<\/h2>\n<div>\n<div>\n<style>\n.texto {\nfont-family:\"Montserrat\", Sans-serif;\nfont-size: 16px;\nfont-weight: 500;\nline-height: 0.8;\nletter-spacing: 0px;\nword-spacing: 0em;\ncolor:#000;\n}\n<\/style>\n<p><span class=\"texto\"><\/p>\n<p>Atenci\u00f3n 24\/7, directamente en el lugar donde se encuentre el equipo, nuestros t\u00e9cnicos especializados pueden evaluar el problema en su contexto real, lo que facilita un diagn\u00f3stico m\u00e1s preciso y su reparaci\u00f3n en terreno.<br \/>\n<\/span><\/div>\n<\/div>\n<ul>\n<li>\n<p>        <img decoding=\"async\" src=\"\/contenido\/wp-content\/uploads\/2025\/11\/Next-Drill-Drig-camioneta.webp\" alt=\"\"><\/p>\n<\/li>\n<li>\n<p>        <img decoding=\"async\" src=\"\/contenido\/wp-content\/uploads\/2025\/11\/Next-Drill-Drig-camioneta-1.webp\" alt=\"\"><\/p>\n<\/li>\n<\/ul>\n<p><img decoding=\"async\" src=\"\/contenido\/wp-content\/uploads\/2025\/11\/Next-Drill-Drig-repuestos.webp\" alt=\"\"><\/p>\n<h2>Servicio en terreno<\/h2>\n<div>\n<div>\n<style>\n.texto {\nfont-family:\"Montserrat\", Sans-serif;\nfont-size: 16px;\nfont-weight: 500;\nline-height: 0.8;\nletter-spacing: 0px;\nword-spacing: 0em;\ncolor:#000;\n}\n<\/style>\n<p><span class=\"texto\"><\/p>\n<p>Atenci\u00f3n 24\/7, directamente en el lugar donde se encuentre el equipo, nuestros t\u00e9cnicos especializados pueden evaluar el problema en su contexto real, lo que facilita un diagn\u00f3stico m\u00e1s preciso y su reparaci\u00f3n en terreno.<br \/>\n<\/span><\/div>\n<\/div>\n<p><!--more--><br \/>\n<!-- {\"type\":\"layout\",\"children\":[{\"type\":\"section\",\"props\":{\"animation\":\"slide-left-small\",\"header_transparent\":false,\"header_transparent_noplaceholder\":true,\"height\":\"page\",\"image_position\":\"center-center\",\"padding\":\"none\",\"padding_remove_bottom\":true,\"padding_remove_top\":true,\"sticky\":\"cover\",\"style\":\"muted\",\"title_breakpoint\":\"xl\",\"title_position\":\"top-left\",\"title_rotation\":\"left\",\"vertical_align\":\"middle\",\"width\":\"\"},\"children\":[{\"type\":\"row\",\"children\":[{\"type\":\"column\",\"props\":{\"image_position\":\"center-center\",\"position_sticky_breakpoint\":\"m\"},\"children\":[{\"type\":\"slideshow\",\"props\":{\"image_loading\":true,\"image_width\":2560,\"link_style\":\"default\",\"link_text\":\"Read more\",\"margin\":\"default\",\"meta_align\":\"above-title\",\"meta_element\":\"div\",\"meta_style\":\"text-meta\",\"nav\":\"dotnav\",\"nav_align\":\"center\",\"nav_breakpoint\":\"s\",\"nav_position\":\"bottom-center\",\"nav_position_margin\":\"medium\",\"overlay_animation\":\"parallax\",\"overlay_container\":\"default\",\"overlay_position\":\"center-left\",\"overlay_width\":\"2xlarge\",\"show_content\":true,\"show_link\":true,\"show_meta\":true,\"show_thumbnail\":true,\"show_title\":true,\"slidenav\":\"default\",\"slidenav_breakpoint\":\"m\",\"slidenav_large\":true,\"slidenav_margin\":\"large\",\"slidenav_outside_breakpoint\":\"xl\",\"slideshow_autoplay\":true,\"slideshow_autoplay_interval\":\"15\",\"slideshow_autoplay_pause\":false,\"slideshow_min_height\":\"300\",\"slideshow_ratio\":\"2560:600\",\"text_color\":\"light\",\"thumbnav_height\":\"75\",\"thumbnav_svg_color\":\"emphasis\",\"thumbnav_width\":\"100\",\"title_element\":\"h2\",\"title_hover_style\":\"reset\",\"title_style\":\"h1\"},\"children\":[{\"type\":\"slideshow_item\",\"props\":{\"image\":\"wp-content\\\/uploads\\\/2025\\\/11\\\/next-drill-rigs-slider-maquinaria-3.png\",\"meta\":\"NEXT DRILL RIGS\",\"title\":\"Servicios\"}}]}]}]},{\"type\":\"row\",\"props\":{\"alignment\":\"center\",\"height\":\"pixels\",\"height_viewport\":12,\"margin\":\"remove-vertical\",\"margin_remove_bottom\":true,\"margin_remove_top\":true},\"children\":[{\"type\":\"column\",\"props\":{\"image_position\":\"center-center\",\"position_sticky_breakpoint\":\"m\"},\"children\":[{\"type\":\"image\",\"props\":{\"height_expand\":true,\"image\":\"wp-content\\\/uploads\\\/2025\\\/10\\\/next-drill-rigs-rect-negro-amarillo.png\",\"image_svg_color\":\"emphasis\",\"margin\":\"default\",\"margin_remove_bottom\":true,\"margin_remove_top\":true}}]}]}]},{\"name\":\"Getting started\",\"type\":\"section\",\"props\":{\"animation\":\"fade\",\"height\":\"section\",\"height_offset_top\":true,\"image\":\"wp-content\\\/uploads\\\/2025\\\/10\\\/nextdrillrigs-mapa.png\",\"image_position\":\"center-center\",\"image_size\":\"cover\",\"media_background\":\"rgba(0, 0, 0, 0.1)\",\"media_blend_mode\":\"luminosity\",\"media_overlay\":\"rgba(90, 90, 90, 0)\",\"padding_remove_bottom\":false,\"padding_remove_horizontal\":false,\"padding_remove_top\":false,\"style\":\"default\",\"title_breakpoint\":\"xl\",\"title_position\":\"top-left\",\"title_rotation\":\"left\",\"vertical_align\":\"\",\"width\":\"default\"},\"children\":[{\"type\":\"row\",\"children\":[{\"type\":\"column\",\"props\":{\"image_position\":\"center-center\",\"position_sticky_breakpoint\":\"m\",\"width_medium\":\"1-1\"},\"children\":[{\"type\":\"headline\",\"props\":{\"content\":\"Nuestras soluciones\",\"margin_remove_bottom\":true,\"margin_remove_top\":true,\"text_align\":\"center\",\"title_element\":\"h2\",\"title_style\":\"h1\"}},{\"type\":\"html\",\"props\":{\"content\":\"\n\n<div style=\\\"height:40px\\\"><\\\/div>\"}}]}]},{\"type\":\"row\",\"props\":{\"layout\":\"1-2,1-2\"},\"children\":[{\"type\":\"column\",\"props\":{\"image_position\":\"center-center\",\"position_sticky_breakpoint\":\"m\",\"width_medium\":\"1-2\"},\"children\":[{\"type\":\"panel-slider\",\"props\":{\"content_column_breakpoint\":\"m\",\"icon_width\":80,\"image_align\":\"top\",\"image_grid_breakpoint\":\"m\",\"image_grid_width\":\"1-2\",\"image_height\":400,\"image_svg_color\":\"emphasis\",\"image_width\":550,\"link_style\":\"default\",\"link_text\":\"Read more\",\"margin\":\"default\",\"meta_align\":\"below-title\",\"meta_element\":\"div\",\"meta_style\":\"text-meta\",\"nav\":\"dotnav\",\"nav_align\":\"center\",\"nav_breakpoint\":\"s\",\"nav_margin\":\"small\",\"panel_match\":true,\"show_content\":true,\"show_hover_image\":true,\"show_hover_video\":true,\"show_image\":true,\"show_link\":true,\"show_meta\":true,\"show_title\":true,\"show_video\":true,\"slidenav\":\"outside\",\"slidenav_breakpoint\":\"xl\",\"slidenav_margin\":\"medium\",\"slidenav_outside_breakpoint\":\"xl\",\"slider_autoplay\":true,\"slider_autoplay_pause\":true,\"slider_center\":true,\"slider_finite\":false,\"slider_gap\":\"default\",\"slider_parallax\":false,\"slider_sets\":true,\"slider_width\":\"fixed\",\"slider_width_default\":\"1-1\",\"slider_width_medium\":\"1-1\",\"slider_width_small\":\"1-1\",\"title_align\":\"top\",\"title_element\":\"h3\",\"title_grid_breakpoint\":\"m\",\"title_grid_width\":\"1-2\",\"title_hover_style\":\"reset\"},\"children\":[{\"type\":\"panel-slider_item\",\"props\":{\"image\":\"wp-content\\\/uploads\\\/2025\\\/11\\\/Next-Drill-Drig-Maquina-1.png\"}},{\"type\":\"panel-slider_item\",\"props\":{\"image\":\"wp-content\\\/uploads\\\/2025\\\/11\\\/Next-Drill-Drig-Maquina-2.webp\"}},{\"type\":\"panel-slider_item\",\"props\":{\"image\":\"wp-content\\\/uploads\\\/2025\\\/11\\\/Next-Drill-Drig-Maquina-3.webp\"}},{\"type\":\"panel-slider_item\",\"props\":{\"image\":\"wp-content\\\/uploads\\\/2025\\\/11\\\/Next-Drill-Drig-Maquina-4.webp\"}},{\"type\":\"panel-slider_item\",\"props\":{\"image\":\"wp-content\\\/uploads\\\/2025\\\/11\\\/Next-Drill-Drig-Maquina-5.jpg.webp\"}}]}]},{\"type\":\"column\",\"props\":{\"image_position\":\"center-center\",\"position_sticky_breakpoint\":\"m\",\"width_medium\":\"1-2\"},\"children\":[{\"type\":\"headline\",\"props\":{\"content\":\"Reparaci\\u00f3n y reconstrucci\\u00f3n\",\"title_element\":\"h2\"}},{\"type\":\"panel\",\"props\":{\"content\":\"\n\n<style>\\n.texto {\\nfont-family:\\\"Montserrat\\\", Sans-serif;\\nfont-size: 16px;\\nfont-weight: 500;\\nline-height: 0.8;\\nletter-spacing: 0px;\\nword-spacing: 0em;\\ncolor:#000;\\n}\\n<\\\/style> \\n\\n<span class=\\\"texto\\\">\\n    \\nRealizamos reconstrucciones completas de equipos usados con recertificaci\\u00f3n del a\\u00f1o para que vuelvan a ser utilizados en las mineras. Tambi\\u00e9n contamos con reconstrucci\\u00f3n de componentes tales como unidad de rotaci\\u00f3n, cabezales, prensa, cilindros entre otros.\\n<\\\/span>\",\"content_column_breakpoint\":\"m\",\"icon_width\":80,\"image_align\":\"top\",\"image_grid_breakpoint\":\"m\",\"image_grid_width\":\"1-2\",\"image_svg_color\":\"emphasis\",\"link_style\":\"default\",\"link_text\":\"Read more\",\"margin\":\"default\",\"meta_align\":\"below-title\",\"meta_element\":\"div\",\"meta_style\":\"text-meta\",\"title_align\":\"top\",\"title_element\":\"h3\",\"title_grid_breakpoint\":\"m\",\"title_grid_width\":\"1-2\",\"title_hover_style\":\"reset\"}}]}]},{\"type\":\"row\",\"props\":{\"layout\":\"1-2,1-2\"},\"children\":[{\"type\":\"column\",\"props\":{\"image_position\":\"center-center\",\"position_sticky_breakpoint\":\"m\",\"width_medium\":\"1-2\"},\"children\":[{\"type\":\"headline\",\"props\":{\"content\":\"Servicio terreno\",\"title_element\":\"h2\"}},{\"type\":\"panel\",\"props\":{\"content\":\"\n\n<style>\\n.texto {\\nfont-family:\\\"Montserrat\\\", Sans-serif;\\nfont-size: 16px;\\nfont-weight: 500;\\nline-height: 0.8;\\nletter-spacing: 0px;\\nword-spacing: 0em;\\ncolor:#000;\\n}\\n<\\\/style> \\n\\n<span class=\\\"texto\\\">\\n    \\nAtenci\\u00f3n 24\\\/7, directamente en el lugar donde se encuentre el equipo, nuestros t\\u00e9cnicos especializados pueden evaluar el problema en su contexto real, lo que facilita un diagn\\u00f3stico m\\u00e1s preciso y su reparaci\\u00f3n en terreno.\\n<\\\/span>\",\"content_column_breakpoint\":\"m\",\"icon_width\":80,\"image_align\":\"top\",\"image_grid_breakpoint\":\"m\",\"image_grid_width\":\"1-2\",\"image_svg_color\":\"emphasis\",\"link_style\":\"default\",\"link_text\":\"Read more\",\"margin\":\"default\",\"meta_align\":\"below-title\",\"meta_element\":\"div\",\"meta_style\":\"text-meta\",\"title_align\":\"top\",\"title_element\":\"h3\",\"title_grid_breakpoint\":\"m\",\"title_grid_width\":\"1-2\",\"title_hover_style\":\"reset\"}}]},{\"type\":\"column\",\"props\":{\"image_position\":\"center-center\",\"position_sticky_breakpoint\":\"m\",\"width_medium\":\"1-2\"},\"children\":[{\"type\":\"panel-slider\",\"props\":{\"content_column_breakpoint\":\"m\",\"icon_width\":80,\"image_align\":\"top\",\"image_grid_breakpoint\":\"m\",\"image_grid_width\":\"1-2\",\"image_svg_color\":\"emphasis\",\"link_style\":\"default\",\"link_text\":\"Read more\",\"margin\":\"default\",\"meta_align\":\"below-title\",\"meta_element\":\"div\",\"meta_style\":\"text-meta\",\"nav\":\"dotnav\",\"nav_align\":\"center\",\"nav_breakpoint\":\"s\",\"nav_margin\":\"small\",\"panel_match\":true,\"show_content\":true,\"show_hover_image\":true,\"show_hover_video\":true,\"show_image\":true,\"show_link\":true,\"show_meta\":true,\"show_title\":true,\"show_video\":true,\"slidenav\":\"outside\",\"slidenav_breakpoint\":\"xl\",\"slidenav_margin\":\"medium\",\"slidenav_outside_breakpoint\":\"xl\",\"slider_autoplay\":true,\"slider_autoplay_pause\":true,\"slider_center\":true,\"slider_finite\":false,\"slider_gap\":\"default\",\"slider_parallax\":false,\"slider_sets\":true,\"slider_width\":\"fixed\",\"slider_width_default\":\"1-1\",\"slider_width_medium\":\"1-1\",\"slider_width_small\":\"1-1\",\"title_align\":\"top\",\"title_element\":\"h3\",\"title_grid_breakpoint\":\"m\",\"title_grid_width\":\"1-2\",\"title_hover_style\":\"reset\"},\"children\":[{\"type\":\"panel-slider_item\",\"props\":{\"image\":\"wp-content\\\/uploads\\\/2025\\\/11\\\/Next-Drill-Drig-camioneta.webp\"}},{\"type\":\"panel-slider_item\",\"props\":{\"image\":\"wp-content\\\/uploads\\\/2025\\\/11\\\/Next-Drill-Drig-camioneta-1.webp\"}}]}]}]},{\"type\":\"row\",\"props\":{\"layout\":\"1-2,1-2\"},\"children\":[{\"type\":\"column\",\"props\":{\"image_position\":\"center-center\",\"position_sticky_breakpoint\":\"m\",\"width_medium\":\"1-2\"},\"children\":[{\"type\":\"image\",\"props\":{\"image\":\"wp-content\\\/uploads\\\/2025\\\/11\\\/Next-Drill-Drig-repuestos.webp\",\"image_svg_color\":\"emphasis\",\"margin\":\"default\"}}]},{\"type\":\"column\",\"props\":{\"image_position\":\"center-center\",\"position_sticky_breakpoint\":\"m\",\"width_medium\":\"1-2\"},\"children\":[{\"type\":\"headline\",\"props\":{\"content\":\"Servicio en terreno\",\"title_element\":\"h2\"}},{\"type\":\"panel\",\"props\":{\"content\":\"\n\n<style>\\n.texto {\\nfont-family:\\\"Montserrat\\\", Sans-serif;\\nfont-size: 16px;\\nfont-weight: 500;\\nline-height: 0.8;\\nletter-spacing: 0px;\\nword-spacing: 0em;\\ncolor:#000;\\n}\\n<\\\/style> \\n\\n<span class=\\\"texto\\\">\\n    \\nAtenci\\u00f3n 24\\\/7, directamente en el lugar donde se encuentre el equipo, nuestros t\\u00e9cnicos especializados pueden evaluar el problema en su contexto real, lo que facilita un diagn\\u00f3stico m\\u00e1s preciso y su reparaci\\u00f3n en terreno.\\n<\\\/span>\",\"content_column_breakpoint\":\"m\",\"icon_width\":80,\"image_align\":\"top\",\"image_grid_breakpoint\":\"m\",\"image_grid_width\":\"1-2\",\"image_svg_color\":\"emphasis\",\"link_style\":\"default\",\"link_text\":\"Read more\",\"margin\":\"default\",\"meta_align\":\"below-title\",\"meta_element\":\"div\",\"meta_style\":\"text-meta\",\"title_align\":\"top\",\"title_element\":\"h3\",\"title_grid_breakpoint\":\"m\",\"title_grid_width\":\"1-2\",\"title_hover_style\":\"reset\"}}]}]}]}],\"version\":\"4.5.21\"} --><\/p>\n","protected":false},"excerpt":{"rendered":"<p>Servicios NEXT DRILL RIGS Nuestras soluciones Reparaci\u00f3n y reconstrucci\u00f3n Realizamos reconstrucciones completas de equipos usados con recertificaci\u00f3n del a\u00f1o para que vuelvan a ser utilizados en las mineras. Tambi\u00e9n contamos con reconstrucci\u00f3n de componentes tales como unidad de rotaci\u00f3n, cabezales, prensa, cilindros entre otros. Servicio terreno Atenci\u00f3n 24\/7, directamente en el lugar donde se encuentre [&hellip;]<\/p>\n","protected":false},"author":1,"featured_media":0,"parent":0,"menu_order":2,"comment_status":"closed","ping_status":"closed","template":"","meta":{"footnotes":""},"class_list":["post-2522","page","type-page","status-publish","hentry"],"yoast_head":"<!-- This site is optimized with the Yoast SEO plugin v26.2 - https:\/\/yoast.com\/wordpress\/plugins\/seo\/ -->\n<title>Servicios - Next Drill Rigs<\/title>\n<meta name=\"robots\" content=\"index, follow, max-snippet:-1, max-image-preview:large, max-video-preview:-1\" \/>\n<link rel=\"canonical\" href=\"https:\/\/nextdrillrigs.cl\/contenido\/servicios\/\" \/>\n<meta property=\"og:locale\" content=\"es_ES\" \/>\n<meta property=\"og:type\" content=\"article\" \/>\n<meta property=\"og:title\" content=\"Servicios - Next Drill Rigs\" \/>\n<meta property=\"og:description\" content=\"Servicios NEXT DRILL RIGS Nuestras soluciones Reparaci\u00f3n y reconstrucci\u00f3n Realizamos reconstrucciones completas de equipos usados con recertificaci\u00f3n del a\u00f1o para que vuelvan a ser utilizados en las mineras. Tambi\u00e9n contamos con reconstrucci\u00f3n de componentes tales como unidad de rotaci\u00f3n, cabezales, prensa, cilindros entre otros. Servicio terreno Atenci\u00f3n 24\/7, directamente en el lugar donde se encuentre [&hellip;]\" \/>\n<meta property=\"og:url\" content=\"https:\/\/nextdrillrigs.cl\/contenido\/servicios\/\" \/>\n<meta property=\"og:site_name\" content=\"Next Drill Rigs\" \/>\n<meta property=\"article:modified_time\" content=\"2025-11-14T03:25:02+00:00\" \/>\n<meta name=\"twitter:card\" content=\"summary_large_image\" \/>\n<meta name=\"twitter:label1\" content=\"Tiempo de lectura\" \/>\n\t<meta name=\"twitter:data1\" content=\"1 minuto\" \/>\n<script type=\"application\/ld+json\" class=\"yoast-schema-graph\">{\"@context\":\"https:\/\/schema.org\",\"@graph\":[{\"@type\":\"WebPage\",\"@id\":\"https:\/\/nextdrillrigs.cl\/contenido\/servicios\/\",\"url\":\"https:\/\/nextdrillrigs.cl\/contenido\/servicios\/\",\"name\":\"Servicios - Next Drill Rigs\",\"isPartOf\":{\"@id\":\"https:\/\/nextdrillrigs.cl\/contenido\/#website\"},\"datePublished\":\"2025-10-24T20:34:56+00:00\",\"dateModified\":\"2025-11-14T03:25:02+00:00\",\"breadcrumb\":{\"@id\":\"https:\/\/nextdrillrigs.cl\/contenido\/servicios\/#breadcrumb\"},\"inLanguage\":\"es\",\"potentialAction\":[{\"@type\":\"ReadAction\",\"target\":[\"https:\/\/nextdrillrigs.cl\/contenido\/servicios\/\"]}]},{\"@type\":\"BreadcrumbList\",\"@id\":\"https:\/\/nextdrillrigs.cl\/contenido\/servicios\/#breadcrumb\",\"itemListElement\":[{\"@type\":\"ListItem\",\"position\":1,\"name\":\"Portada\",\"item\":\"https:\/\/nextdrillrigs.cl\/contenido\/\"},{\"@type\":\"ListItem\",\"position\":2,\"name\":\"Servicios\"}]},{\"@type\":\"WebSite\",\"@id\":\"https:\/\/nextdrillrigs.cl\/contenido\/#website\",\"url\":\"https:\/\/nextdrillrigs.cl\/contenido\/\",\"name\":\"Next Drill Rigs\",\"description\":\"\",\"potentialAction\":[{\"@type\":\"SearchAction\",\"target\":{\"@type\":\"EntryPoint\",\"urlTemplate\":\"https:\/\/nextdrillrigs.cl\/contenido\/?s={search_term_string}\"},\"query-input\":{\"@type\":\"PropertyValueSpecification\",\"valueRequired\":true,\"valueName\":\"search_term_string\"}}],\"inLanguage\":\"es\"}]}<\/script>\n<!-- \/ Yoast SEO plugin. -->","yoast_head_json":{"title":"Servicios - Next Drill Rigs","robots":{"index":"index","follow":"follow","max-snippet":"max-snippet:-1","max-image-preview":"max-image-preview:large","max-video-preview":"max-video-preview:-1"},"canonical":"https:\/\/nextdrillrigs.cl\/contenido\/servicios\/","og_locale":"es_ES","og_type":"article","og_title":"Servicios - Next Drill Rigs","og_description":"Servicios NEXT DRILL RIGS Nuestras soluciones Reparaci\u00f3n y reconstrucci\u00f3n Realizamos reconstrucciones completas de equipos usados con recertificaci\u00f3n del a\u00f1o para que vuelvan a ser utilizados en las mineras. Tambi\u00e9n contamos con reconstrucci\u00f3n de componentes tales como unidad de rotaci\u00f3n, cabezales, prensa, cilindros entre otros. Servicio terreno Atenci\u00f3n 24\/7, directamente en el lugar donde se encuentre [&hellip;]","og_url":"https:\/\/nextdrillrigs.cl\/contenido\/servicios\/","og_site_name":"Next Drill Rigs","article_modified_time":"2025-11-14T03:25:02+00:00","twitter_card":"summary_large_image","twitter_misc":{"Tiempo de lectura":"1 minuto"},"schema":{"@context":"https:\/\/schema.org","@graph":[{"@type":"WebPage","@id":"https:\/\/nextdrillrigs.cl\/contenido\/servicios\/","url":"https:\/\/nextdrillrigs.cl\/contenido\/servicios\/","name":"Servicios - Next Drill Rigs","isPartOf":{"@id":"https:\/\/nextdrillrigs.cl\/contenido\/#website"},"datePublished":"2025-10-24T20:34:56+00:00","dateModified":"2025-11-14T03:25:02+00:00","breadcrumb":{"@id":"https:\/\/nextdrillrigs.cl\/contenido\/servicios\/#breadcrumb"},"inLanguage":"es","potentialAction":[{"@type":"ReadAction","target":["https:\/\/nextdrillrigs.cl\/contenido\/servicios\/"]}]},{"@type":"BreadcrumbList","@id":"https:\/\/nextdrillrigs.cl\/contenido\/servicios\/#breadcrumb","itemListElement":[{"@type":"ListItem","position":1,"name":"Portada","item":"https:\/\/nextdrillrigs.cl\/contenido\/"},{"@type":"ListItem","position":2,"name":"Servicios"}]},{"@type":"WebSite","@id":"https:\/\/nextdrillrigs.cl\/contenido\/#website","url":"https:\/\/nextdrillrigs.cl\/contenido\/","name":"Next Drill Rigs","description":"","potentialAction":[{"@type":"SearchAction","target":{"@type":"EntryPoint","urlTemplate":"https:\/\/nextdrillrigs.cl\/contenido\/?s={search_term_string}"},"query-input":{"@type":"PropertyValueSpecification","valueRequired":true,"valueName":"search_term_string"}}],"inLanguage":"es"}]}},"_links":{"self":[{"href":"https:\/\/nextdrillrigs.cl\/contenido\/wp-json\/wp\/v2\/pages\/2522","targetHints":{"allow":["GET"]}}],"collection":[{"href":"https:\/\/nextdrillrigs.cl\/contenido\/wp-json\/wp\/v2\/pages"}],"about":[{"href":"https:\/\/nextdrillrigs.cl\/contenido\/wp-json\/wp\/v2\/types\/page"}],"author":[{"embeddable":true,"href":"https:\/\/nextdrillrigs.cl\/contenido\/wp-json\/wp\/v2\/users\/1"}],"replies":[{"embeddable":true,"href":"https:\/\/nextdrillrigs.cl\/contenido\/wp-json\/wp\/v2\/comments?post=2522"}],"version-history":[{"count":38,"href":"https:\/\/nextdrillrigs.cl\/contenido\/wp-json\/wp\/v2\/pages\/2522\/revisions"}],"predecessor-version":[{"id":2757,"href":"https:\/\/nextdrillrigs.cl\/contenido\/wp-json\/wp\/v2\/pages\/2522\/revisions\/2757"}],"wp:attachment":[{"href":"https:\/\/nextdrillrigs.cl\/contenido\/wp-json\/wp\/v2\/media?parent=2522"}],"curies":[{"name":"wp","href":"https:\/\/api.w.org\/{rel}","templated":true}]}}