{"id":2552,"date":"2025-10-24T18:05:44","date_gmt":"2025-10-24T21:05:44","guid":{"rendered":"https:\/\/nextdrillrigs.cl\/contenido\/?page_id=2552"},"modified":"2025-12-12T19:29:52","modified_gmt":"2025-12-12T22:29:52","slug":"contactenos","status":"publish","type":"page","link":"https:\/\/nextdrillrigs.cl\/contenido\/contactenos\/","title":{"rendered":"Cont\u00e1ctenos"},"content":{"rendered":"<div>\n<p>    <img decoding=\"async\" src=\"\/contenido\/wp-content\/uploads\/2025\/11\/next-drill-rigs-slider-maquinaria-4.png\" alt=\"\"><\/p>\n<h2>Cont\u00e1ctenos<\/h2>\n<p>NEXT DRILL RIGS<\/p>\n<\/div>\n<p><img decoding=\"async\" src=\"\/contenido\/wp-content\/uploads\/2025\/10\/next-drill-rigs-rect-negro-amarillo.png\" alt=\"\"><\/p>\n<div>\n<h3>ALFREDO DE SIMONE<\/h3>\n<p>MARKETING &#038; SALES MANAGER<\/p>\n<div>\n<p><span><br \/>+569 9619 2920<br \/><a href=\"mailto:\u00a0adesimone@nextdrillrigs.cl\">adesimone@nextdrillrigs.cl<\/a><br \/><\/span><\/p>\n<\/div>\n<\/div>\n<div>\n<h3>VALERIA CAVIERES ALVAREZ<\/h3>\n<p>Product Manager<\/p>\n<div>\n<p><span><br \/>+569 8139 0445<\/span><br \/><a href=\"mailto:vcavieres@nextdrillrigs.cl\">vcavieres@nextdrillrigs.cl<\/a><\/p>\n<\/div>\n<\/div>\n<div>\n<h3>ARIEL FIERRO NU\u00d1EZ<\/h3>\n<p>ENGINEERING &#038; DEVELOPMENT MANAGER<\/p>\n<div>\n<p><span><br \/><\/span><span>+569 3149 9284<\/span><br \/><a href=\"mailto:afierro@nextdrillrigs.cl\">afierro@nextdrillrigs.cl<\/a><br \/><a href=\"mailto:vcavieres@nextdrillrigs.cl\"><\/a><\/p>\n<\/div>\n<\/div>\n<div>\n<h3>EUGENIO FIERRO AHUMADA<\/h3>\n<p>GENERAL MANAGER<\/p>\n<div>\n<p><span><br \/><\/span><span>+569 8158 0453<\/span><br \/><a href=\"mailto:efierro@netxdrillrigs.cl\">efierro@nextdrillrigs.cl<\/a><br \/><a href=\"mailto:vcavieres@nextdrillrigs.cl\"><\/a><\/p>\n<\/div>\n<\/div>\n<h1>\u00bfD\u00f3nde estamos?<\/h1>\n<hr>\n<div>\n<div>\n<p><style>\n.direccion {\nfont-family:\"Play\", Sans-serif;\nfont-size: 15px;\nfont-weight: 400;\nline-height: 1.1;\nletter-spacing: 0px;\nword-spacing: 0em;\ncolor:#000;\n}\n<\/style>\n<p> <span class=\"direccion\">Av. Pdte. Jorge Alessandri Rodr\u00edguez 23563 <br \/>San Bernardo, Regi\u00f3n Metropolitana.<\/span><\/p>\n<\/div>\n<\/div>\n<div>\n<p>    <iframe src=\"https:\/\/www.google.com\/maps\/embed?pb=!1m18!1m12!1m3!1d3320.932259621268!2d-70.71982482411947!3d-33.658917073307585!2m3!1f0!2f0!3f0!3m2!1i1024!2i768!4f13.1!3m3!1m2!1s0x9662df1c6224be35%3A0x5799d48c282047c3!2sNEXT%20DRILL%20RIGS!5e0!3m2!1ses!2scl!4v1761339457260!5m2!1ses!2scl\" width=\"600\" height=\"450\" style=\"border:0;\" allowfullscreen=\"\" loading=\"lazy\" referrerpolicy=\"no-referrer-when-downgrade\"><\/iframe>\n<\/div>\n<p><!--more--><br \/>\n<!-- {\"type\":\"layout\",\"children\":[{\"type\":\"section\",\"props\":{\"animation\":\"slide-left-small\",\"header_transparent\":false,\"header_transparent_noplaceholder\":true,\"height\":\"page\",\"image_position\":\"center-center\",\"padding_remove_bottom\":true,\"padding_remove_top\":true,\"sticky\":\"cover\",\"style\":\"default\",\"title_breakpoint\":\"xl\",\"title_position\":\"top-left\",\"title_rotation\":\"left\",\"vertical_align\":\"middle\",\"width\":\"\"},\"children\":[{\"type\":\"row\",\"children\":[{\"type\":\"column\",\"props\":{\"image_position\":\"center-center\",\"position_sticky_breakpoint\":\"m\"},\"children\":[{\"type\":\"slideshow\",\"props\":{\"image_loading\":true,\"image_width\":2560,\"link_style\":\"default\",\"link_text\":\"Read more\",\"margin\":\"default\",\"meta_align\":\"above-title\",\"meta_element\":\"div\",\"meta_style\":\"text-meta\",\"nav\":\"dotnav\",\"nav_align\":\"center\",\"nav_breakpoint\":\"s\",\"nav_position\":\"bottom-center\",\"nav_position_margin\":\"medium\",\"overlay_animation\":\"parallax\",\"overlay_container\":\"default\",\"overlay_position\":\"center-left\",\"overlay_width\":\"2xlarge\",\"show_content\":true,\"show_link\":true,\"show_meta\":true,\"show_thumbnail\":true,\"show_title\":true,\"slidenav\":\"default\",\"slidenav_breakpoint\":\"m\",\"slidenav_large\":true,\"slidenav_margin\":\"large\",\"slidenav_outside_breakpoint\":\"xl\",\"slideshow_autoplay\":true,\"slideshow_autoplay_interval\":\"15\",\"slideshow_autoplay_pause\":false,\"slideshow_min_height\":\"300\",\"slideshow_ratio\":\"2560:600\",\"text_color\":\"light\",\"thumbnav_height\":\"75\",\"thumbnav_svg_color\":\"emphasis\",\"thumbnav_width\":\"100\",\"title_element\":\"h2\",\"title_hover_style\":\"reset\",\"title_style\":\"h1\"},\"children\":[{\"type\":\"slideshow_item\",\"props\":{\"image\":\"wp-content\\\/uploads\\\/2025\\\/11\\\/next-drill-rigs-slider-maquinaria-4.png\",\"meta\":\"NEXT DRILL RIGS\",\"title\":\"Cont\\u00e1ctenos\"}}]}]}]},{\"type\":\"row\",\"props\":{\"alignment\":\"center\",\"height\":\"pixels\",\"height_viewport\":12,\"margin\":\"remove-vertical\",\"margin_remove_bottom\":true,\"margin_remove_top\":true},\"children\":[{\"type\":\"column\",\"props\":{\"image_position\":\"center-center\",\"position_sticky_breakpoint\":\"m\"},\"children\":[{\"type\":\"image\",\"props\":{\"height_expand\":true,\"image\":\"wp-content\\\/uploads\\\/2025\\\/10\\\/next-drill-rigs-rect-negro-amarillo.png\",\"image_svg_color\":\"emphasis\",\"margin\":\"default\",\"margin_remove_bottom\":true,\"margin_remove_top\":true}}]}]}]},{\"name\":\"Product description\",\"type\":\"section\",\"props\":{\"animation\":\"slide-bottom-small\",\"height\":\"section\",\"height_offset_top\":true,\"image_position\":\"center-center\",\"image_size\":\"cover\",\"padding_remove_bottom\":false,\"padding_remove_top\":false,\"style\":\"default\",\"title_breakpoint\":\"xl\",\"title_position\":\"top-left\",\"title_rotation\":\"left\",\"vertical_align\":\"\",\"width\":\"default\"},\"children\":[{\"type\":\"row\",\"props\":{\"column_gap\":\"large\",\"divider\":true,\"layout\":\"1-4,1-4,1-4,1-4|1-2,1-2,1-2,1-2\",\"row_gap\":\"large\"},\"children\":[{\"type\":\"column\",\"props\":{\"image_position\":\"center-center\",\"position_sticky_breakpoint\":\"m\",\"width_medium\":\"1-4\",\"width_small\":\"1-2\"},\"children\":[{\"type\":\"description_list\",\"props\":{\"column_breakpoint\":\"m\",\"content_style\":\"h5\",\"layout\":\"stacked\",\"list_element\":\"ul\",\"meta_align\":\"below-title\",\"meta_style\":\"text-meta\",\"show_content\":true,\"show_link\":true,\"show_meta\":true,\"show_title\":true,\"title_element\":\"div\",\"title_grid_column_gap\":\"small\",\"title_grid_row_gap\":\"small\",\"title_grid_width\":\"auto\",\"title_style\":\"h4\"},\"children\":[{\"type\":\"description_list_item\",\"props\":{\"content\":\"\n\n<p><span><br \\\/>+569 9619 2920<br \\\/><a href=\\\"mailto:\\u00a0adesimone@nextdrillrigs.cl\\\">adesimone@nextdrillrigs.cl<\\\/a><br \\\/><\\\/span><\\\/p>\",\"meta\":\"MARKETING & SALES MANAGER\",\"title\":\"ALFREDO DE SIMONE\"}}]}]},{\"type\":\"column\",\"props\":{\"image_position\":\"center-center\",\"position_sticky_breakpoint\":\"m\",\"width_medium\":\"1-4\",\"width_small\":\"1-2\"},\"children\":[{\"type\":\"description_list\",\"props\":{\"column_breakpoint\":\"m\",\"content_style\":\"h5\",\"layout\":\"stacked\",\"list_element\":\"ul\",\"meta_align\":\"below-title\",\"meta_style\":\"text-meta\",\"show_content\":true,\"show_link\":true,\"show_meta\":true,\"show_title\":true,\"title_element\":\"div\",\"title_grid_column_gap\":\"small\",\"title_grid_row_gap\":\"small\",\"title_grid_width\":\"auto\",\"title_style\":\"h4\"},\"children\":[{\"type\":\"description_list_item\",\"props\":{\"content\":\"\n\n<p><span><br \\\/>+569 8139 0445<\\\/span><br \\\/><a href=\\\"mailto:vcavieres@nextdrillrigs.cl\\\">vcavieres@nextdrillrigs.cl<\\\/a><\\\/p>\",\"meta\":\"Product Manager\",\"title\":\"VALERIA CAVIERES ALVAREZ\"}}]}]},{\"type\":\"column\",\"props\":{\"image_position\":\"center-center\",\"position_sticky_breakpoint\":\"m\",\"width_medium\":\"1-4\",\"width_small\":\"1-2\"},\"children\":[{\"type\":\"description_list\",\"props\":{\"column_breakpoint\":\"m\",\"content_style\":\"h5\",\"layout\":\"stacked\",\"list_element\":\"ul\",\"meta_align\":\"below-title\",\"meta_style\":\"text-meta\",\"show_content\":true,\"show_link\":true,\"show_meta\":true,\"show_title\":true,\"title_element\":\"div\",\"title_grid_column_gap\":\"small\",\"title_grid_row_gap\":\"small\",\"title_grid_width\":\"auto\",\"title_style\":\"h4\"},\"children\":[{\"type\":\"description_list_item\",\"props\":{\"content\":\"\n\n<p><span><br \\\/><\\\/span><span>+569 3149 9284<\\\/span><br \\\/><a href=\\\"mailto:afierro@nextdrillrigs.cl\\\">afierro@nextdrillrigs.cl<\\\/a><br \\\/><a href=\\\"mailto:vcavieres@nextdrillrigs.cl\\\"><\\\/a><\\\/p>\",\"meta\":\"ENGINEERING & DEVELOPMENT MANAGER\",\"title\":\"ARIEL FIERRO NU\\u00d1EZ\"}}]}]},{\"type\":\"column\",\"props\":{\"image_position\":\"center-center\",\"position_sticky_breakpoint\":\"m\",\"width_medium\":\"1-4\",\"width_small\":\"1-2\"},\"children\":[{\"type\":\"description_list\",\"props\":{\"column_breakpoint\":\"m\",\"content_style\":\"h5\",\"layout\":\"stacked\",\"list_element\":\"ul\",\"meta_align\":\"below-title\",\"meta_style\":\"text-meta\",\"show_content\":true,\"show_link\":true,\"show_meta\":true,\"show_title\":true,\"title_element\":\"div\",\"title_grid_column_gap\":\"small\",\"title_grid_row_gap\":\"small\",\"title_grid_width\":\"auto\",\"title_style\":\"h4\"},\"children\":[{\"type\":\"description_list_item\",\"props\":{\"content\":\"\n\n<p><span><br \\\/><\\\/span><span>+569 8158 0453<\\\/span><br \\\/><a href=\\\"mailto:efierro@netxdrillrigs.cl\\\">efierro@nextdrillrigs.cl<\\\/a><br \\\/><a href=\\\"mailto:vcavieres@nextdrillrigs.cl\\\"><\\\/a><\\\/p>\",\"meta\":\"GENERAL MANAGER\",\"title\":\"EUGENIO FIERRO AHUMADA\"}}]}]}]}]},{\"type\":\"section\",\"props\":{\"image_position\":\"center-center\",\"style\":\"muted\",\"title_breakpoint\":\"xl\",\"title_position\":\"top-left\",\"title_rotation\":\"left\",\"vertical_align\":\"middle\",\"width\":\"default\"},\"children\":[{\"type\":\"row\",\"props\":{\"layout\":\"1-2,1-2\"},\"children\":[{\"type\":\"column\",\"props\":{\"image_position\":\"center-center\",\"position_sticky_breakpoint\":\"m\",\"width_medium\":\"1-2\"},\"children\":[{\"type\":\"headline\",\"props\":{\"content\":\"\\u00bfD\\u00f3nde estamos?\",\"title_element\":\"h1\"}},{\"type\":\"divider\",\"props\":{\"divider_element\":\"hr\",\"divider_style\":\"small\"}},{\"type\":\"list\",\"props\":{\"column_breakpoint\":\"m\",\"image_align\":\"left\",\"image_svg_color\":\"emphasis\",\"image_vertical_align\":false,\"list_element\":\"ul\",\"list_horizontal_separator\":\", \",\"list_type\":\"vertical\",\"show_image\":true,\"show_link\":true},\"children\":[{\"type\":\"list_item\",\"props\":{\"content\":\"\n\n<p>\n\n<style>\\n.direccion {\\nfont-family:\\\"Play\\\", Sans-serif;\\nfont-size: 15px;\\nfont-weight: 400;\\nline-height: 1.1;\\nletter-spacing: 0px;\\nword-spacing: 0em;\\ncolor:#000;\\n}\\n<\\\/style> <span class=\\\"direccion\\\">Av. Pdte. Jorge Alessandri Rodr\\u00edguez 23563 <br \\\/>San Bernardo, Regi\\u00f3n Metropolitana.<\\\/span><\\\/p>\",\"icon\":\"location\"}}]}]},{\"type\":\"column\",\"props\":{\"image_position\":\"center-center\",\"position_sticky_breakpoint\":\"m\",\"width_medium\":\"1-2\"},\"children\":[{\"type\":\"html\",\"props\":{\"content\":\"<iframe src=\\\"https:\\\/\\\/www.google.com\\\/maps\\\/embed?pb=!1m18!1m12!1m3!1d3320.932259621268!2d-70.71982482411947!3d-33.658917073307585!2m3!1f0!2f0!3f0!3m2!1i1024!2i768!4f13.1!3m3!1m2!1s0x9662df1c6224be35%3A0x5799d48c282047c3!2sNEXT%20DRILL%20RIGS!5e0!3m2!1ses!2scl!4v1761339457260!5m2!1ses!2scl\\\" width=\\\"600\\\" height=\\\"450\\\" style=\\\"border:0;\\\" allowfullscreen=\\\"\\\" loading=\\\"lazy\\\" referrerpolicy=\\\"no-referrer-when-downgrade\\\"><\\\/iframe>\"}}]}]}]}],\"version\":\"4.5.21\"} --><\/p>\n","protected":false},"excerpt":{"rendered":"<p>Cont\u00e1ctenos NEXT DRILL RIGS ALFREDO DE SIMONE MARKETING &#038; SALES MANAGER +569 9619 2920adesimone@nextdrillrigs.cl VALERIA CAVIERES ALVAREZ Product Manager +569 8139 0445vcavieres@nextdrillrigs.cl ARIEL FIERRO NU\u00d1EZ ENGINEERING &#038; DEVELOPMENT MANAGER +569 3149 9284afierro@nextdrillrigs.cl EUGENIO FIERRO AHUMADA GENERAL MANAGER +569 8158 0453efierro@nextdrillrigs.cl \u00bfD\u00f3nde estamos? Av. Pdte. Jorge Alessandri Rodr\u00edguez 23563 San Bernardo, Regi\u00f3n Metropolitana.<\/p>\n","protected":false},"author":1,"featured_media":0,"parent":0,"menu_order":2,"comment_status":"closed","ping_status":"closed","template":"","meta":{"footnotes":""},"class_list":["post-2552","page","type-page","status-publish","hentry"],"yoast_head":"<!-- This site is optimized with the Yoast SEO plugin v26.2 - https:\/\/yoast.com\/wordpress\/plugins\/seo\/ -->\n<title>Cont\u00e1ctenos - Next Drill Rigs<\/title>\n<meta name=\"robots\" content=\"index, follow, max-snippet:-1, max-image-preview:large, max-video-preview:-1\" \/>\n<link rel=\"canonical\" href=\"https:\/\/nextdrillrigs.cl\/contenido\/contactenos\/\" \/>\n<meta property=\"og:locale\" content=\"es_ES\" \/>\n<meta property=\"og:type\" content=\"article\" \/>\n<meta property=\"og:title\" content=\"Cont\u00e1ctenos - Next Drill Rigs\" \/>\n<meta property=\"og:description\" content=\"Cont\u00e1ctenos NEXT DRILL RIGS ALFREDO DE SIMONE MARKETING &#038; SALES MANAGER +569 9619 2920adesimone@nextdrillrigs.cl VALERIA CAVIERES ALVAREZ Product Manager +569 8139 0445vcavieres@nextdrillrigs.cl ARIEL FIERRO NU\u00d1EZ ENGINEERING &#038; DEVELOPMENT MANAGER +569 3149 9284afierro@nextdrillrigs.cl EUGENIO FIERRO AHUMADA GENERAL MANAGER +569 8158 0453efierro@nextdrillrigs.cl \u00bfD\u00f3nde estamos? Av. Pdte. Jorge Alessandri Rodr\u00edguez 23563 San Bernardo, Regi\u00f3n Metropolitana.\" \/>\n<meta property=\"og:url\" content=\"https:\/\/nextdrillrigs.cl\/contenido\/contactenos\/\" \/>\n<meta property=\"og:site_name\" content=\"Next Drill Rigs\" \/>\n<meta property=\"article:modified_time\" content=\"2025-12-12T22:29:52+00:00\" \/>\n<meta name=\"twitter:card\" content=\"summary_large_image\" \/>\n<script type=\"application\/ld+json\" class=\"yoast-schema-graph\">{\"@context\":\"https:\/\/schema.org\",\"@graph\":[{\"@type\":\"WebPage\",\"@id\":\"https:\/\/nextdrillrigs.cl\/contenido\/contactenos\/\",\"url\":\"https:\/\/nextdrillrigs.cl\/contenido\/contactenos\/\",\"name\":\"Cont\u00e1ctenos - Next Drill Rigs\",\"isPartOf\":{\"@id\":\"https:\/\/nextdrillrigs.cl\/contenido\/#website\"},\"datePublished\":\"2025-10-24T21:05:44+00:00\",\"dateModified\":\"2025-12-12T22:29:52+00:00\",\"breadcrumb\":{\"@id\":\"https:\/\/nextdrillrigs.cl\/contenido\/contactenos\/#breadcrumb\"},\"inLanguage\":\"es\",\"potentialAction\":[{\"@type\":\"ReadAction\",\"target\":[\"https:\/\/nextdrillrigs.cl\/contenido\/contactenos\/\"]}]},{\"@type\":\"BreadcrumbList\",\"@id\":\"https:\/\/nextdrillrigs.cl\/contenido\/contactenos\/#breadcrumb\",\"itemListElement\":[{\"@type\":\"ListItem\",\"position\":1,\"name\":\"Portada\",\"item\":\"https:\/\/nextdrillrigs.cl\/contenido\/\"},{\"@type\":\"ListItem\",\"position\":2,\"name\":\"Cont\u00e1ctenos\"}]},{\"@type\":\"WebSite\",\"@id\":\"https:\/\/nextdrillrigs.cl\/contenido\/#website\",\"url\":\"https:\/\/nextdrillrigs.cl\/contenido\/\",\"name\":\"Next Drill Rigs\",\"description\":\"\",\"potentialAction\":[{\"@type\":\"SearchAction\",\"target\":{\"@type\":\"EntryPoint\",\"urlTemplate\":\"https:\/\/nextdrillrigs.cl\/contenido\/?s={search_term_string}\"},\"query-input\":{\"@type\":\"PropertyValueSpecification\",\"valueRequired\":true,\"valueName\":\"search_term_string\"}}],\"inLanguage\":\"es\"}]}<\/script>\n<!-- \/ Yoast SEO plugin. -->","yoast_head_json":{"title":"Cont\u00e1ctenos - Next Drill Rigs","robots":{"index":"index","follow":"follow","max-snippet":"max-snippet:-1","max-image-preview":"max-image-preview:large","max-video-preview":"max-video-preview:-1"},"canonical":"https:\/\/nextdrillrigs.cl\/contenido\/contactenos\/","og_locale":"es_ES","og_type":"article","og_title":"Cont\u00e1ctenos - Next Drill Rigs","og_description":"Cont\u00e1ctenos NEXT DRILL RIGS ALFREDO DE SIMONE MARKETING &#038; SALES MANAGER +569 9619 2920adesimone@nextdrillrigs.cl VALERIA CAVIERES ALVAREZ Product Manager +569 8139 0445vcavieres@nextdrillrigs.cl ARIEL FIERRO NU\u00d1EZ ENGINEERING &#038; DEVELOPMENT MANAGER +569 3149 9284afierro@nextdrillrigs.cl EUGENIO FIERRO AHUMADA GENERAL MANAGER +569 8158 0453efierro@nextdrillrigs.cl \u00bfD\u00f3nde estamos? Av. Pdte. Jorge Alessandri Rodr\u00edguez 23563 San Bernardo, Regi\u00f3n Metropolitana.","og_url":"https:\/\/nextdrillrigs.cl\/contenido\/contactenos\/","og_site_name":"Next Drill Rigs","article_modified_time":"2025-12-12T22:29:52+00:00","twitter_card":"summary_large_image","schema":{"@context":"https:\/\/schema.org","@graph":[{"@type":"WebPage","@id":"https:\/\/nextdrillrigs.cl\/contenido\/contactenos\/","url":"https:\/\/nextdrillrigs.cl\/contenido\/contactenos\/","name":"Cont\u00e1ctenos - Next Drill Rigs","isPartOf":{"@id":"https:\/\/nextdrillrigs.cl\/contenido\/#website"},"datePublished":"2025-10-24T21:05:44+00:00","dateModified":"2025-12-12T22:29:52+00:00","breadcrumb":{"@id":"https:\/\/nextdrillrigs.cl\/contenido\/contactenos\/#breadcrumb"},"inLanguage":"es","potentialAction":[{"@type":"ReadAction","target":["https:\/\/nextdrillrigs.cl\/contenido\/contactenos\/"]}]},{"@type":"BreadcrumbList","@id":"https:\/\/nextdrillrigs.cl\/contenido\/contactenos\/#breadcrumb","itemListElement":[{"@type":"ListItem","position":1,"name":"Portada","item":"https:\/\/nextdrillrigs.cl\/contenido\/"},{"@type":"ListItem","position":2,"name":"Cont\u00e1ctenos"}]},{"@type":"WebSite","@id":"https:\/\/nextdrillrigs.cl\/contenido\/#website","url":"https:\/\/nextdrillrigs.cl\/contenido\/","name":"Next Drill Rigs","description":"","potentialAction":[{"@type":"SearchAction","target":{"@type":"EntryPoint","urlTemplate":"https:\/\/nextdrillrigs.cl\/contenido\/?s={search_term_string}"},"query-input":{"@type":"PropertyValueSpecification","valueRequired":true,"valueName":"search_term_string"}}],"inLanguage":"es"}]}},"_links":{"self":[{"href":"https:\/\/nextdrillrigs.cl\/contenido\/wp-json\/wp\/v2\/pages\/2552","targetHints":{"allow":["GET"]}}],"collection":[{"href":"https:\/\/nextdrillrigs.cl\/contenido\/wp-json\/wp\/v2\/pages"}],"about":[{"href":"https:\/\/nextdrillrigs.cl\/contenido\/wp-json\/wp\/v2\/types\/page"}],"author":[{"embeddable":true,"href":"https:\/\/nextdrillrigs.cl\/contenido\/wp-json\/wp\/v2\/users\/1"}],"replies":[{"embeddable":true,"href":"https:\/\/nextdrillrigs.cl\/contenido\/wp-json\/wp\/v2\/comments?post=2552"}],"version-history":[{"count":23,"href":"https:\/\/nextdrillrigs.cl\/contenido\/wp-json\/wp\/v2\/pages\/2552\/revisions"}],"predecessor-version":[{"id":2798,"href":"https:\/\/nextdrillrigs.cl\/contenido\/wp-json\/wp\/v2\/pages\/2552\/revisions\/2798"}],"wp:attachment":[{"href":"https:\/\/nextdrillrigs.cl\/contenido\/wp-json\/wp\/v2\/media?parent=2552"}],"curies":[{"name":"wp","href":"https:\/\/api.w.org\/{rel}","templated":true}]}}